{"id":940,"date":"2012-04-28T17:32:35","date_gmt":"2012-04-28T17:32:35","guid":{"rendered":"https:\/\/www.ibizakosta.com\/?page_id=940"},"modified":"2012-04-28T17:32:35","modified_gmt":"2012-04-28T17:32:35","slug":"24-h-services","status":"publish","type":"page","link":"https:\/\/www.ibizakosta.com\/en\/24-h-services","title":{"rendered":"24 h Services"},"content":{"rendered":"<blockquote><p>Realizamos reparaciones de urgencia a cualquier hora del d\u00eda o de la noche. Si tiene un problema urgente, nosotros le damos la soluci\u00f3n.<\/p><\/blockquote>\n<p><img decoding=\"async\" title=\"Ibiza Kosta Services - Reparaciones 24 horas\" src=\"\/media\/ikosta\/icon\/reparaciones_24_horas_o.png\" alt=\"Ibiza Kosta Services - Reparaciones 24 horas\" \/><\/p>\n<li>Prestamos un servicio de reparaciones de urgencia las 24 horas del d\u00eda. No se preocupe por la hora, nosotros le resolveremos el problema.<\/li>\n<li>Cerrajer\u00eda y persianas.<\/li>\n<li>Electricidad.<\/li>\n<li>Fontaner\u00eda.<\/li>\n<li>Puertas autom\u00e1ticas.<\/li>\n<li>Limpiezas urgentes<\/li>\n<p>If you are interested in any of this services, please <a href=\"https:\/\/www.ibizakosta.com\/en\/contact\" title=\"Ibiza Kosta Services - Contact\" target=\"_blank\">contact <\/a> us and we send you an <a href=\"https:\/\/www.ibizakosta.com\/en\/estimatesbudgets\" title=\"Ibiza Kosta Services - Estimates\" target=\"_blank\">estimate<\/a>.<\/p>\n","protected":false},"excerpt":{"rendered":"<p>Realizamos reparaciones de urgencia a cualquier hora del d\u00eda o de la noche. Si tiene un problema urgente, nosotros le damos la soluci\u00f3n. Prestamos un servicio de reparaciones de urgencia las 24 horas del d\u00eda. No se preocupe por la hora, nosotros le resolveremos el problema. Cerrajer\u00eda y persianas. Electricidad. Fontaner\u00eda. Puertas autom\u00e1ticas. Limpiezas urgentes [&hellip;]<\/p>\n","protected":false},"author":1,"featured_media":554,"parent":0,"menu_order":0,"comment_status":"open","ping_status":"open","template":"","meta":[],"_links":{"self":[{"href":"https:\/\/www.ibizakosta.com\/en\/wp-json\/wp\/v2\/pages\/940"}],"collection":[{"href":"https:\/\/www.ibizakosta.com\/en\/wp-json\/wp\/v2\/pages"}],"about":[{"href":"https:\/\/www.ibizakosta.com\/en\/wp-json\/wp\/v2\/types\/page"}],"author":[{"embeddable":true,"href":"https:\/\/www.ibizakosta.com\/en\/wp-json\/wp\/v2\/users\/1"}],"replies":[{"embeddable":true,"href":"https:\/\/www.ibizakosta.com\/en\/wp-json\/wp\/v2\/comments?post=940"}],"version-history":[{"count":0,"href":"https:\/\/www.ibizakosta.com\/en\/wp-json\/wp\/v2\/pages\/940\/revisions"}],"wp:featuredmedia":[{"embeddable":true,"href":"https:\/\/www.ibizakosta.com\/en\/wp-json\/wp\/v2\/media\/554"}],"wp:attachment":[{"href":"https:\/\/www.ibizakosta.com\/en\/wp-json\/wp\/v2\/media?parent=940"}],"curies":[{"name":"wp","href":"https:\/\/api.w.org\/{rel}","templated":true}]}}