{"id":871,"date":"2012-04-26T21:14:43","date_gmt":"2012-04-26T21:14:43","guid":{"rendered":"https:\/\/www.ibizakosta.com\/?page_id=871"},"modified":"2012-04-28T17:24:27","modified_gmt":"2012-04-28T17:24:27","slug":"floor-stone-paving-tile","status":"publish","type":"page","link":"https:\/\/www.ibizakosta.com\/en\/floor-stone-paving-tile","title":{"rendered":"Floor stone, paving tile"},"content":{"rendered":"<blockquote><p>Realizamos todo tipo de alicatados y solados en todas las superficies tanto para viviendas, patios, naves industriales, etc.<\/p><\/blockquote>\n<p><img decoding=\"async\" title=\"Ibiza Kosta Services - Construcci\u00f3n y reformas\" src=\"\/media\/ikosta\/icon\/construccion_y_reformas_o.png\" alt=\"Ibiza Kosta Services - Construcci\u00f3n y reformas\" \/><\/p>\n<li>Alicatado de fachadas.<\/li>\n<li>Colocaci\u00f3n de cer\u00e1mica en piscinas.<\/li>\n<li>Colocaci\u00f3n de todo tipo de gresites y mosaicos.<\/li>\n<li>Colocaci\u00f3n de piezas de cer\u00e1mica sobre soporte a base de yeso.<\/li>\n<li>Colocaci\u00f3n de suelos por el sistema tradicional.<\/li>\n<li>Colocaci\u00f3n de m\u00e1rmol,porcel\u00e1nico,rectificado,gres r\u00fastico o terrazo.<\/li>\n<li>Rejunte de m\u00e1rmol,porcel\u00e1nico,rectificado o terrazo.<\/li>\n<li>Rejunte piezas de baja porosidad,gres r\u00fastico y piedra natural.<\/li>\n<p>If you are interested in any of this services, please <a href=\"https:\/\/www.ibizakosta.com\/en\/contact\" title=\"Ibiza Kosta Services - Contact\" target=\"_blank\">contact <\/a> us and we send you an <a href=\"https:\/\/www.ibizakosta.com\/en\/estimatesbudgets\" title=\"Ibiza Kosta Services - Estimates\" target=\"_blank\">estimate<\/a>.<\/p>\n","protected":false},"excerpt":{"rendered":"<p>Realizamos todo tipo de alicatados y solados en todas las superficies tanto para viviendas, patios, naves industriales, etc. Alicatado de fachadas. Colocaci\u00f3n de cer\u00e1mica en piscinas. Colocaci\u00f3n de todo tipo de gresites y mosaicos. Colocaci\u00f3n de piezas de cer\u00e1mica sobre soporte a base de yeso. Colocaci\u00f3n de suelos por el sistema tradicional. Colocaci\u00f3n de m\u00e1rmol,porcel\u00e1nico,rectificado,gres [&hellip;]<\/p>\n","protected":false},"author":1,"featured_media":611,"parent":0,"menu_order":0,"comment_status":"open","ping_status":"open","template":"","meta":[],"_links":{"self":[{"href":"https:\/\/www.ibizakosta.com\/en\/wp-json\/wp\/v2\/pages\/871"}],"collection":[{"href":"https:\/\/www.ibizakosta.com\/en\/wp-json\/wp\/v2\/pages"}],"about":[{"href":"https:\/\/www.ibizakosta.com\/en\/wp-json\/wp\/v2\/types\/page"}],"author":[{"embeddable":true,"href":"https:\/\/www.ibizakosta.com\/en\/wp-json\/wp\/v2\/users\/1"}],"replies":[{"embeddable":true,"href":"https:\/\/www.ibizakosta.com\/en\/wp-json\/wp\/v2\/comments?post=871"}],"version-history":[{"count":0,"href":"https:\/\/www.ibizakosta.com\/en\/wp-json\/wp\/v2\/pages\/871\/revisions"}],"wp:featuredmedia":[{"embeddable":true,"href":"https:\/\/www.ibizakosta.com\/en\/wp-json\/wp\/v2\/media\/611"}],"wp:attachment":[{"href":"https:\/\/www.ibizakosta.com\/en\/wp-json\/wp\/v2\/media?parent=871"}],"curies":[{"name":"wp","href":"https:\/\/api.w.org\/{rel}","templated":true}]}}