{"id":859,"date":"2012-04-26T21:00:21","date_gmt":"2012-04-26T21:00:21","guid":{"rendered":"https:\/\/www.ibizakosta.com\/?page_id=859"},"modified":"2012-04-28T17:52:52","modified_gmt":"2012-04-28T17:52:52","slug":"services","status":"publish","type":"page","link":"https:\/\/www.ibizakosta.com\/en\/services","title":{"rendered":"Services"},"content":{"rendered":"<blockquote><p>We got a lot of experience in the fields of personal services in Ibiza,<br \/>\nWe offer management to companies, comunities or private persons<\/p><\/blockquote>\n<div class=\"shortcode-toggle toggle-building-and-reparations-alterations closed default border\"><h4 class=\"toggle-trigger\"><a href=\"#\">Building and reparations\/alterations<\/a><\/h4>\n<div class=\"toggle-content\"><img decoding=\"async\" title=\"Ibiza Kosta Services - Construcci\u00f3n y reformas\" src=\"\/media\/ikosta\/icon\/construccion_y_reformas_o.png\" alt=\"Ibiza Kosta Services - Construcci\u00f3n y reformas\" \/><\/p>\n<ul>\n<li>Building and reparations\/alterations<\/li>\n<li>Repairs<\/li>\n<li>Brickworks<\/li>\n<li>Painting<\/li>\n<li>Fronts of buildings<\/li>\n<li>Walltiles<\/li>\n<li>Floor stone, paving tiles<\/li>\n<li>Electricity<\/li>\n<li>Plumbing<\/li>\n<li>House and pool building<\/li>\n<li>Wood carpentry and aluminium frames<\/li>\n<li>Plasterworks with Pladur or Knauf&#8230;.<a href=\"https:\/\/www.ibizakosta.com\/servicios\/knaufpladur\" rel=\"attachment wp-att-447\"><img decoding=\"async\" loading=\"lazy\" src=\"https:\/\/www.ibizakosta.com\/media\/ikosta\/knauf+pladur.jpg\" alt=\"\" title=\"knauf+pladur\" width=\"211\" height=\"56\" class=\"alignleft size-full wp-image-447\" \/><\/a> <\/li>\n<p><a href=\"https:\/\/www.ibizakosta.com\/construccion-reformas\" title=\"Construcci\u00f3n y Reformas\" target=\"_blank\">More Info<\/a>\n<\/ul>\n<p><\/div><!--\/.toggle-content-->\n<input type=\"hidden\" name=\"title_open\" value=\"Building and reparations\/alterations\" \/><input type=\"hidden\" name=\"title_closed\" value=\"Building and reparations\/alterations\" \/><\/div><!--\/.shortcode-toggle-->\n<div class=\"ixo-sc-divider flat\"><\/div>\n<div class=\"shortcode-toggle toggle-cleaning-services closed default border\"><h4 class=\"toggle-trigger\"><a href=\"#\">Cleaning services<\/a><\/h4>\n<div class=\"toggle-content\"><img decoding=\"async\" title=\"Ibiza Kosta Services - Limpieza\" src=\"\/media\/ikosta\/icon\/limpieza_o.png\" alt=\"Ibiza Kosta Services - Limpieza\" \/><\/p>\n<ul>\n<li>Cleaning services in houses, villages, offices, etc.<\/li>\n<li>Management of Homeowners associations.<\/li>\n<li>Cleaning services of stairs, soils, crystals, parking and polished.<\/li>\n<li>Cleanliness of carpets and tapestries.<\/li>\n<li>Profesional products.<\/li>\n<p><a href=\"https:\/\/www.ibizakosta.com\/servicios-de-limpieza\" title=\"Servicios de limpieza\" target=\"_blank\">More info<\/a><\/p>\n<\/ul>\n<p><\/div><!--\/.toggle-content-->\n<input type=\"hidden\" name=\"title_open\" value=\"Cleaning services\" \/><input type=\"hidden\" name=\"title_closed\" value=\"Cleaning services\" \/><\/div><!--\/.shortcode-toggle-->\n<div class=\"ixo-sc-divider flat\"><\/div>\n<div class=\"shortcode-toggle toggle-gardening closed default border\"><h4 class=\"toggle-trigger\"><a href=\"#\">Gardening<\/a><\/h4>\n<div class=\"toggle-content\"><img decoding=\"async\" title=\"Ibiza Kosta Services - Jardines\" src=\"\/media\/ikosta\/icon\/jardines_o.png\" alt=\"Ibiza Kosta Services - Jardines\" \/><\/p>\n<ul>\n<li>Maintenance of communities and individuals.<\/li>\n<li>Maintenance of areas of parks and gardens.<\/li>\n<li>Pruning, lawn mower, manual irrigation or for aspersion.<\/li>\n<li>Instalaci\u00f3n de riego autom\u00e1tico.<\/li>\n<li>Poda en altura de \u00e1rboles, arbustos, arizonicas, etc.<\/li>\n<li>Siega de c\u00e9sped.<\/li>\n<li>Escarificaci\u00f3n y oxigenaci\u00f3n de praderas.<\/li>\n<li>Colocaci\u00f3n de c\u00e9sped en plancha tipo T.P.<\/li>\n<li>Instalaci\u00f3n de c\u00e9sped artificial.<\/li>\n<li>Semillado de praderas.<\/li>\n<li>Tratamiento fitosanitarios(fumigaciones).<\/li>\n<li>Colocaci\u00f3n de brezo para vallas.<\/li>\n<p><a href=\"https:\/\/www.ibizakosta.com\/mantenimiento-de-jardines\" title=\"Mantenimiento de Jardines\" target=\"_blank\">More info<\/a>\n<\/ul>\n<p><\/div><!--\/.toggle-content-->\n<input type=\"hidden\" name=\"title_open\" value=\"Gardening\" \/><input type=\"hidden\" name=\"title_closed\" value=\"Gardening\" \/><\/div><!--\/.shortcode-toggle-->\n<div class=\"ixo-sc-divider flat\"><\/div>\n<div class=\"shortcode-toggle toggle-piscinas closed default border\"><h4 class=\"toggle-trigger\"><a href=\"#\">Piscinas<\/a><\/h4>\n<div class=\"toggle-content\"><img decoding=\"async\" title=\"Ibiza Kosta Services - Piscinas\" src=\"\/media\/ikosta\/icon\/piscinas_o.png\" alt=\"Ibiza Kosta Services - Piscinas\" \/><\/p>\n<ul>\n<li>Mantenimiento de piscinas en invierno.<\/li>\n<li>Instalacion de Lonas, Mantas y cubiertas para piscinas.<\/li>\n<li>Instalaci\u00f3n de cubiertas autom\u00e1ticas.<\/li>\n<li>Instalaci\u00f3n de cloradores salinos.<\/li>\n<li>Tratamientos qu\u00edmicos.<\/li>\n<li>Revisi\u00f3n de instalaciones.<\/li>\n<li>Limpieza de piscinas.<\/li>\n<p><a href=\"https:\/\/www.ibizakosta.com\/piscinas\" title=\"Piscinas\" target=\"_blank\">M\u00e1s Informaci\u00f3n<\/a>\n<\/ul>\n<p><\/div><!--\/.toggle-content-->\n<input type=\"hidden\" name=\"title_open\" value=\"Piscinas\" \/><input type=\"hidden\" name=\"title_closed\" value=\"Piscinas\" \/><\/div><!--\/.shortcode-toggle-->\n<div class=\"ixo-sc-divider flat\"><\/div>\n<div class=\"shortcode-toggle toggle-reparaciones-24-horas closed default border\"><h4 class=\"toggle-trigger\"><a href=\"#\">Reparaciones 24 horas<\/a><\/h4>\n<div class=\"toggle-content\"><img decoding=\"async\" title=\"Ibiza Kosta Services - Reparaciones 24 horas\" src=\"\/media\/ikosta\/icon\/reparaciones_24_horas_o.png\" alt=\"Ibiza Kosta Services - Reparaciones 24 horas\" \/><\/p>\n<ul>\n<li>Prestamos un servicio de reparaciones de urgencia las 24 horas del d\u00eda. No se preocupe por la hora, nosotros le resolveremos el problema.<\/li>\n<li>Cerrajer\u00eda y persianas.<\/li>\n<li>Electricidad.<\/li>\n<li>Fontaner\u00eda.<\/li>\n<li>Puertas autom\u00e1ticas.<\/li>\n<li>Limpiezas urgentes<\/li>\n<p><a href=\"https:\/\/www.ibizakosta.com\/reparaciones-24-horas\" title=\"Reparaciones 24 horas\" target=\"_blank\">M\u00e1s informaci\u00f3n<\/a>\n<\/ul>\n<p><\/div><!--\/.toggle-content-->\n<input type=\"hidden\" name=\"title_open\" value=\"Reparaciones 24 horas\" \/><input type=\"hidden\" name=\"title_closed\" value=\"Reparaciones 24 horas\" \/><\/div><!--\/.shortcode-toggle-->\n<div class=\"ixo-sc-divider flat\"><\/div>\n<div class=\"shortcode-toggle toggle-servicios-personales closed default border\"><h4 class=\"toggle-trigger\"><a href=\"#\">Servicios personales<\/a><\/h4>\n<div class=\"toggle-content\"><img decoding=\"async\" title=\"Ibiza Kosta Services - Servicios personales\" src=\"\/media\/ikosta\/icon\/servicios_personales_o.png\" alt=\"Ibiza Kosta Services - Servicios personales\" \/><\/p>\n<ul>\n<li>Realizamos para usted gestiones, tr\u00e1mites, compras, tareas y encargos que usted no puede realizar por falta de tiempo o por no residir en Ibiza.<\/li>\n<li>Cons\u00faltenos sobre el trabajo que quiera que realicemos, y estudiaremos su caso y le propondremos su presupuesto sin compromiso. Para cualquier petici\u00f3n de presupuestos, dudas, etc&#8230; P\u00f3nganse en contacto con nosotros.<\/li>\n<p><a href=\"https:\/\/www.ibizakosta.com\/servicios-personales\" title=\"Servicios Personales\" target=\"_blank\">M\u00e1s informaci\u00f3n<\/a>\n<\/ul>\n<p><\/div><!--\/.toggle-content-->\n<input type=\"hidden\" name=\"title_open\" value=\"Servicios personales\" \/><input type=\"hidden\" name=\"title_closed\" value=\"Servicios personales\" \/><\/div><!--\/.shortcode-toggle-->\n<div class=\"ixo-sc-divider flat\"><\/div>\n<div class=\"shortcode-toggle toggle-servicios-de-transporte closed default border\"><h4 class=\"toggle-trigger\"><a href=\"#\">Servicios de transporte<\/a><\/h4>\n<div class=\"toggle-content\"><img decoding=\"async\" title=\"Ibiza Kosta Services - Transporte y Mudanzas\" src=\"\/media\/ikosta\/icon\/transporte_mudanzas_o.png\" alt=\"Ibiza Kosta Services - Transporte y Mudanzas\" \/><\/p>\n<ul>\n<li>Disponemos de un cami\u00f3n con gr\u00faa para la realizaci\u00f3n de cualquier servicio de transporte que necesite.<\/li>\n<li>Moving Services, rubbles, prunings, etc.<\/li>\n<p><a href=\"https:\/\/www.ibizakosta.com\/en\/transport-services\" title=\"Transport Services\" target=\"_blank\">More info<\/a>\n<\/ul>\n<p><\/div><!--\/.toggle-content-->\n<input type=\"hidden\" name=\"title_open\" value=\"Servicios transporte\" \/><input type=\"hidden\" name=\"title_closed\" value=\"Servicios de transporte\" \/><\/div><!--\/.shortcode-toggle-->\n<div class=\"ixo-sc-divider flat\"><\/div>\n<div class=\"ixo-sc-divider flat\"><\/div>\n<div class=\"shortcode-toggle toggle-housemanagement closed default border\"><h4 class=\"toggle-trigger\"><a href=\"#\">Housemanagement<\/a><\/h4>\n<div class=\"toggle-content\"><\/p>\n<ul>\n<li>We keep fit your houses. We make sure, that your properties are allways in the best conditions during all the year;you only have to make sure to enjoy your holidays.<\/li>\n<p><a href=\"https:\/\/www.ibizakosta.com\/en\/house-management\" title=\"Housemanagement\" target=\"_blank\">More info<\/a>\n<\/ul>\n<p><\/div><!--\/.toggle-content-->\n<input type=\"hidden\" name=\"title_open\" value=\"Housemanagement\" \/><input type=\"hidden\" name=\"title_closed\" value=\"Housemanagement\" \/><\/div><!--\/.shortcode-toggle-->\n<div class=\"ixo-sc-divider flat\"><\/div>\n","protected":false},"excerpt":{"rendered":"<p>We got a lot of experience in the fields of personal services in Ibiza, We offer management to companies, comunities or private persons<\/p>\n","protected":false},"author":1,"featured_media":361,"parent":0,"menu_order":20,"comment_status":"closed","ping_status":"closed","template":"","meta":[],"_links":{"self":[{"href":"https:\/\/www.ibizakosta.com\/en\/wp-json\/wp\/v2\/pages\/859"}],"collection":[{"href":"https:\/\/www.ibizakosta.com\/en\/wp-json\/wp\/v2\/pages"}],"about":[{"href":"https:\/\/www.ibizakosta.com\/en\/wp-json\/wp\/v2\/types\/page"}],"author":[{"embeddable":true,"href":"https:\/\/www.ibizakosta.com\/en\/wp-json\/wp\/v2\/users\/1"}],"replies":[{"embeddable":true,"href":"https:\/\/www.ibizakosta.com\/en\/wp-json\/wp\/v2\/comments?post=859"}],"version-history":[{"count":0,"href":"https:\/\/www.ibizakosta.com\/en\/wp-json\/wp\/v2\/pages\/859\/revisions"}],"wp:featuredmedia":[{"embeddable":true,"href":"https:\/\/www.ibizakosta.com\/en\/wp-json\/wp\/v2\/media\/361"}],"wp:attachment":[{"href":"https:\/\/www.ibizakosta.com\/en\/wp-json\/wp\/v2\/media?parent=859"}],"curies":[{"name":"wp","href":"https:\/\/api.w.org\/{rel}","templated":true}]}}