{"id":854,"date":"2012-04-26T20:56:00","date_gmt":"2012-04-26T20:56:00","guid":{"rendered":"https:\/\/www.ibizakosta.com\/?page_id=854"},"modified":"2012-04-28T17:27:00","modified_gmt":"2012-04-28T17:27:00","slug":"transport-services","status":"publish","type":"page","link":"https:\/\/www.ibizakosta.com\/en\/transport-services","title":{"rendered":"Transport Services"},"content":{"rendered":"<blockquote><p>Disponemos de un cami\u00f3n gr\u00faa para realizar todo tipo de servicios de transporte.<\/p><\/blockquote>\n<p><img decoding=\"async\" title=\"Ibiza Kosta Services - Transporte y Mudanzas\" src=\"\/media\/ikosta\/icon\/transporte_mudanzas_o.png\" alt=\"Ibiza Kosta Services - Transporte y Mudanzas\" \/><\/p>\n<li>Transporte de mercanc\u00edas<\/li>\n<li>Mudanzas<\/li>\n<li>Retirada de podas<\/li>\n<li>Retirada de escombro<\/li>\n<p>If you are interested in any of this services, please <a href=\"https:\/\/www.ibizakosta.com\/en\/contact\" title=\"Ibiza Kosta Services - Contact\" target=\"_blank\">contact <\/a> us and we send you an <a href=\"https:\/\/www.ibizakosta.com\/en\/estimatesbudgets\" title=\"Ibiza Kosta Services - Estimates\" target=\"_blank\">estimate<\/a>.<\/p>\n","protected":false},"excerpt":{"rendered":"<p>Disponemos de un cami\u00f3n gr\u00faa para realizar todo tipo de servicios de transporte. Transporte de mercanc\u00edas Mudanzas Retirada de podas Retirada de escombro If you are interested in any of this services, please contact us and we send you an estimate.<\/p>\n","protected":false},"author":1,"featured_media":603,"parent":0,"menu_order":0,"comment_status":"open","ping_status":"open","template":"","meta":[],"_links":{"self":[{"href":"https:\/\/www.ibizakosta.com\/en\/wp-json\/wp\/v2\/pages\/854"}],"collection":[{"href":"https:\/\/www.ibizakosta.com\/en\/wp-json\/wp\/v2\/pages"}],"about":[{"href":"https:\/\/www.ibizakosta.com\/en\/wp-json\/wp\/v2\/types\/page"}],"author":[{"embeddable":true,"href":"https:\/\/www.ibizakosta.com\/en\/wp-json\/wp\/v2\/users\/1"}],"replies":[{"embeddable":true,"href":"https:\/\/www.ibizakosta.com\/en\/wp-json\/wp\/v2\/comments?post=854"}],"version-history":[{"count":0,"href":"https:\/\/www.ibizakosta.com\/en\/wp-json\/wp\/v2\/pages\/854\/revisions"}],"wp:featuredmedia":[{"embeddable":true,"href":"https:\/\/www.ibizakosta.com\/en\/wp-json\/wp\/v2\/media\/603"}],"wp:attachment":[{"href":"https:\/\/www.ibizakosta.com\/en\/wp-json\/wp\/v2\/media?parent=854"}],"curies":[{"name":"wp","href":"https:\/\/api.w.org\/{rel}","templated":true}]}}