{"id":845,"date":"2012-04-26T20:41:09","date_gmt":"2012-04-26T20:41:09","guid":{"rendered":"https:\/\/www.ibizakosta.com\/?page_id=845"},"modified":"2012-04-28T17:27:37","modified_gmt":"2012-04-28T17:27:37","slug":"house-management","status":"publish","type":"page","link":"https:\/\/www.ibizakosta.com\/en\/house-management","title":{"rendered":"House management"},"content":{"rendered":"<blockquote><p>Realizamos el mantenimiento de chalets, nosotros nos encargamos de mantener su propiedad en condiciones \u00f3ptimas durante todo el a\u00f1o, usted s\u00f3lo se preocupa de disfrutar de sus vacaciones.<\/p><\/blockquote>\n<p>Servicio de mantenimiento en toda la isla de Ibiza. Garantizamos el cuidado de su chalet, casa o apartamento de una forma eficaz y econ\u00f3mica. Sea una casa para uso propio o para alquilar en Ibiza, mantenemos su propiedad en un estado perfecto, incluyendo aireaci\u00f3n, limpieza, lavander\u00eda, pintura, cuidado de jardines y piscinas, etc&#8230; <\/p>\n<p>If you are interested in any of this services, please <a href=\"https:\/\/www.ibizakosta.com\/en\/contact\" title=\"Ibiza Kosta Services - Contact\" target=\"_blank\">contact <\/a> us and we send you an <a href=\"https:\/\/www.ibizakosta.com\/en\/estimatesbudgets\" title=\"Ibiza Kosta Services - Estimates\" target=\"_blank\">estimate<\/a>.<\/p>\n","protected":false},"excerpt":{"rendered":"<p>Realizamos el mantenimiento de chalets, nosotros nos encargamos de mantener su propiedad en condiciones \u00f3ptimas durante todo el a\u00f1o, usted s\u00f3lo se preocupa de disfrutar de sus vacaciones. Servicio de mantenimiento en toda la isla de Ibiza. Garantizamos el cuidado de su chalet, casa o apartamento de una forma eficaz y econ\u00f3mica. Sea una casa [&hellip;]<\/p>\n","protected":false},"author":1,"featured_media":573,"parent":0,"menu_order":0,"comment_status":"open","ping_status":"open","template":"","meta":[],"_links":{"self":[{"href":"https:\/\/www.ibizakosta.com\/en\/wp-json\/wp\/v2\/pages\/845"}],"collection":[{"href":"https:\/\/www.ibizakosta.com\/en\/wp-json\/wp\/v2\/pages"}],"about":[{"href":"https:\/\/www.ibizakosta.com\/en\/wp-json\/wp\/v2\/types\/page"}],"author":[{"embeddable":true,"href":"https:\/\/www.ibizakosta.com\/en\/wp-json\/wp\/v2\/users\/1"}],"replies":[{"embeddable":true,"href":"https:\/\/www.ibizakosta.com\/en\/wp-json\/wp\/v2\/comments?post=845"}],"version-history":[{"count":0,"href":"https:\/\/www.ibizakosta.com\/en\/wp-json\/wp\/v2\/pages\/845\/revisions"}],"wp:featuredmedia":[{"embeddable":true,"href":"https:\/\/www.ibizakosta.com\/en\/wp-json\/wp\/v2\/media\/573"}],"wp:attachment":[{"href":"https:\/\/www.ibizakosta.com\/en\/wp-json\/wp\/v2\/media?parent=845"}],"curies":[{"name":"wp","href":"https:\/\/api.w.org\/{rel}","templated":true}]}}