{"id":843,"date":"2012-04-26T20:40:07","date_gmt":"2012-04-26T20:40:07","guid":{"rendered":"https:\/\/www.ibizakosta.com\/?page_id=843"},"modified":"2012-04-28T17:28:32","modified_gmt":"2012-04-28T17:28:32","slug":"plumbing","status":"publish","type":"page","link":"https:\/\/www.ibizakosta.com\/en\/plumbing","title":{"rendered":"Plumbing"},"content":{"rendered":"<blockquote><p>Servicios de fontaner\u00eda, instalaci\u00f3n de calentadores de agua y calderas, limpieza y desatasco de tuber\u00edas, instalaci\u00f3n de grupos de presi\u00f3n y todo tipo de peque\u00f1as reparaciones en fontaner\u00eda.<\/p><\/blockquote>\n<p><img decoding=\"async\" title=\"Ibiza Kosta Services - Construcci\u00f3n y reformas\" src=\"\/media\/ikosta\/icon\/construccion_y_reformas_o.png\" alt=\"Ibiza Kosta Services - Construcci\u00f3n y reformas\" \/><\/p>\n<li>Servicios de fontaner\u00eda<\/li>\n<li>Realizamos instalaciones y reparaciones de tuber\u00edas de agua interiores y exteriores en cobre<\/li>\n<li>Instalamos calentadores de agua y calderas<\/li>\n<li>Sustituci\u00f3n de sanitarios, lavabos, bid\u00e9s , grifer\u00edas, etc<\/li>\n<li>Acometidas generales de alimentaci\u00f3n a viviendas, desag\u00fces interiores y exteriores de viviendas de p.v.c y plomo<\/li>\n<li>Instalaci\u00f3n de grupos de presi\u00f3n<\/li>\n<p>If you are interested in any of this services, please <a href=\"https:\/\/www.ibizakosta.com\/en\/contact\" title=\"Ibiza Kosta Services - Contact\" target=\"_blank\">contact <\/a> us and we send you an <a href=\"https:\/\/www.ibizakosta.com\/en\/estimatesbudgets\" title=\"Ibiza Kosta Services - Estimates\" target=\"_blank\">estimate<\/a>.<\/p>\n","protected":false},"excerpt":{"rendered":"<p>Servicios de fontaner\u00eda, instalaci\u00f3n de calentadores de agua y calderas, limpieza y desatasco de tuber\u00edas, instalaci\u00f3n de grupos de presi\u00f3n y todo tipo de peque\u00f1as reparaciones en fontaner\u00eda. Servicios de fontaner\u00eda Realizamos instalaciones y reparaciones de tuber\u00edas de agua interiores y exteriores en cobre Instalamos calentadores de agua y calderas Sustituci\u00f3n de sanitarios, lavabos, bid\u00e9s [&hellip;]<\/p>\n","protected":false},"author":1,"featured_media":563,"parent":0,"menu_order":0,"comment_status":"open","ping_status":"open","template":"","meta":[],"_links":{"self":[{"href":"https:\/\/www.ibizakosta.com\/en\/wp-json\/wp\/v2\/pages\/843"}],"collection":[{"href":"https:\/\/www.ibizakosta.com\/en\/wp-json\/wp\/v2\/pages"}],"about":[{"href":"https:\/\/www.ibizakosta.com\/en\/wp-json\/wp\/v2\/types\/page"}],"author":[{"embeddable":true,"href":"https:\/\/www.ibizakosta.com\/en\/wp-json\/wp\/v2\/users\/1"}],"replies":[{"embeddable":true,"href":"https:\/\/www.ibizakosta.com\/en\/wp-json\/wp\/v2\/comments?post=843"}],"version-history":[{"count":0,"href":"https:\/\/www.ibizakosta.com\/en\/wp-json\/wp\/v2\/pages\/843\/revisions"}],"wp:featuredmedia":[{"embeddable":true,"href":"https:\/\/www.ibizakosta.com\/en\/wp-json\/wp\/v2\/media\/563"}],"wp:attachment":[{"href":"https:\/\/www.ibizakosta.com\/en\/wp-json\/wp\/v2\/media?parent=843"}],"curies":[{"name":"wp","href":"https:\/\/api.w.org\/{rel}","templated":true}]}}