{"id":841,"date":"2012-04-26T20:39:19","date_gmt":"2012-04-26T20:39:19","guid":{"rendered":"https:\/\/www.ibizakosta.com\/?page_id=841"},"modified":"2012-04-28T17:25:11","modified_gmt":"2012-04-28T17:25:11","slug":"electricity","status":"publish","type":"page","link":"https:\/\/www.ibizakosta.com\/en\/electricity","title":{"rendered":"Electricity"},"content":{"rendered":"<blockquote><p>Solucionamos cualquier tipo de aver\u00eda el\u00e9ctrica o instalaci\u00f3n el\u00e9ctrica tanto en viviendas particulares como en locales comerciales o comunidades de vecinos.<\/p><\/blockquote>\n<p> <img decoding=\"async\" title=\"Ibiza Kosta Services - Construcci\u00f3n y reformas\" src=\"\/media\/ikosta\/icon\/construccion_y_reformas_o.png\" alt=\"Ibiza Kosta Services - Construcci\u00f3n y reformas\" \/><\/p>\n<li>Instalaciones el\u00e9ctricas tanto en locales como en viviendas.<\/li>\n<li>Porteros Autom\u00e1ticos y V\u00eddeo Porteros: Telefonillos y videoporteros para comunidades y empresas. <\/li>\n<li>Iluminaci\u00f3n: Instalaci\u00f3n de hal\u00f3genos, downligths y todo tipo de iluminaci\u00f3n en viviendas y locales.<\/li>\n<li>Ahorro energ\u00e9tico: Control de calefacci\u00f3n con termostatos programables, purgadores autom\u00e1ticos de radiadores, l\u00e1mparas de bajo consumo, detectores de presencia, energ\u00eda solar.<\/li>\n<li>Antenas terrestres y parab\u00f3licas: Reparaci\u00f3n e instalaci\u00f3n de todo tipo de antenas.<\/li>\n<li>Aire Acondicionado: Reparaci\u00f3n e instalaci\u00f3n de todo tipo de aire acondicionado.<\/li>\n<li>Sistemas de Seguridad: Videovigilancia, c\u00e1maras IP por internet, c\u00e1maras esp\u00eda, camaras simuladas con movimiento.<\/li>\n<li>Puertas Autom\u00e1ticas: Instalaci\u00f3n, reparaci\u00f3n y mantenimiento de todo tipo de automatismos para puertas autom\u00e1ticas.<\/li>\n<li>Mantenimientos el\u00e9ctricos a Empresas, Comunidades y cadenas de tiendas.<\/li>\n<p>If you are interested in any of this services, please <a href=\"https:\/\/www.ibizakosta.com\/en\/contact\" title=\"Ibiza Kosta Services - Contact\" target=\"_blank\">contact <\/a> us and we send you an <a href=\"https:\/\/www.ibizakosta.com\/en\/estimatesbudgets\" title=\"Ibiza Kosta Services - Estimates\" target=\"_blank\">estimate<\/a>.<\/p>\n","protected":false},"excerpt":{"rendered":"<p>Solucionamos cualquier tipo de aver\u00eda el\u00e9ctrica o instalaci\u00f3n el\u00e9ctrica tanto en viviendas particulares como en locales comerciales o comunidades de vecinos. Instalaciones el\u00e9ctricas tanto en locales como en viviendas. Porteros Autom\u00e1ticos y V\u00eddeo Porteros: Telefonillos y videoporteros para comunidades y empresas. Iluminaci\u00f3n: Instalaci\u00f3n de hal\u00f3genos, downligths y todo tipo de iluminaci\u00f3n en viviendas y locales. [&hellip;]<\/p>\n","protected":false},"author":1,"featured_media":567,"parent":0,"menu_order":0,"comment_status":"open","ping_status":"open","template":"","meta":[],"_links":{"self":[{"href":"https:\/\/www.ibizakosta.com\/en\/wp-json\/wp\/v2\/pages\/841"}],"collection":[{"href":"https:\/\/www.ibizakosta.com\/en\/wp-json\/wp\/v2\/pages"}],"about":[{"href":"https:\/\/www.ibizakosta.com\/en\/wp-json\/wp\/v2\/types\/page"}],"author":[{"embeddable":true,"href":"https:\/\/www.ibizakosta.com\/en\/wp-json\/wp\/v2\/users\/1"}],"replies":[{"embeddable":true,"href":"https:\/\/www.ibizakosta.com\/en\/wp-json\/wp\/v2\/comments?post=841"}],"version-history":[{"count":0,"href":"https:\/\/www.ibizakosta.com\/en\/wp-json\/wp\/v2\/pages\/841\/revisions"}],"wp:featuredmedia":[{"embeddable":true,"href":"https:\/\/www.ibizakosta.com\/en\/wp-json\/wp\/v2\/media\/567"}],"wp:attachment":[{"href":"https:\/\/www.ibizakosta.com\/en\/wp-json\/wp\/v2\/media?parent=841"}],"curies":[{"name":"wp","href":"https:\/\/api.w.org\/{rel}","templated":true}]}}