{"id":839,"date":"2012-04-26T20:38:41","date_gmt":"2012-04-26T20:38:41","guid":{"rendered":"https:\/\/www.ibizakosta.com\/?page_id=839"},"modified":"2012-04-28T17:26:01","modified_gmt":"2012-04-28T17:26:01","slug":"gardening","status":"publish","type":"page","link":"https:\/\/www.ibizakosta.com\/en\/gardening","title":{"rendered":"Gardening"},"content":{"rendered":"<blockquote><p>Jardines o zonas ajardinadas, tanto interior como exterior de comunidades y particulares, poda, cortac\u00e9sped, riego manual o por aspersi\u00f3n, instalaci\u00f3n de riego autom\u00e1tico, instalaci\u00f3n de c\u00e9sped artificial&#8230;<\/p><\/blockquote>\n<p><img decoding=\"async\" title=\"Ibiza Kosta Services - Jardines\" src=\"\/media\/ikosta\/icon\/jardines_o.png\" alt=\"Ibiza Kosta Services - Jardines\" \/><br \/>\nOfrecemos un sistema completo de mantenimiento de jardines realizando todos los trabajos siguientes:<\/p>\n<li>Mantenimiento de comunidades y particulares.<\/li>\n<li>Mantenimiento de jardines o zonas ajardinadas, tanto interior como exterior de la comunidad.<\/li>\n<li>Poda, cortac\u00e9sped, riego manual o por aspersi\u00f3n.<\/li>\n<li>Instalaci\u00f3n de riego autom\u00e1tico.<\/li>\n<li>Poda en altura de \u00e1rboles, arbustos, arizonicas, etc.<\/li>\n<li>Siega de c\u00e9sped.<\/li>\n<li>Escarificaci\u00f3n y oxigenaci\u00f3n de praderas.<\/li>\n<li>Colocaci\u00f3n de c\u00e9sped en plancha tipo T.P.<\/li>\n<li>Instalaci\u00f3n de c\u00e9sped artificial.<\/li>\n<li>Semillado de praderas.<\/li>\n<li>Tratamiento fitosanitarios(fumigaciones).<\/li>\n<li>Colocaci\u00f3n de brezo para vallas.<\/li>\n<p><img decoding=\"async\" loading=\"lazy\" src=\"https:\/\/www.ibizakosta.com\/media\/ikosta\/Ibiza-Kosta-Services-Mantenimiento-de-jardines-Ibiza-1.jpg\" alt=\"Ibiza Kosta Services - Mantenimiento de jardines Ibiza\" title=\"Ibiza Kosta Services - Mantenimiento de jardines Ibiza\" width=\"640\" height=\"82\" class=\"size-full wp-image-541\" srcset=\"https:\/\/www.ibizakosta.com\/media\/ikosta\/Ibiza-Kosta-Services-Mantenimiento-de-jardines-Ibiza-1.jpg 640w, https:\/\/www.ibizakosta.com\/media\/ikosta\/Ibiza-Kosta-Services-Mantenimiento-de-jardines-Ibiza-1-300x38.jpg 300w\" sizes=\"(max-width: 640px) 100vw, 640px\" \/><\/p>\n<p>If you are interested in any of this services, please <a href=\"https:\/\/www.ibizakosta.com\/en\/contact\" title=\"Ibiza Kosta Services - Contact\" target=\"_blank\">contact <\/a> us and we send you an <a href=\"https:\/\/www.ibizakosta.com\/en\/estimatesbudgets\" title=\"Ibiza Kosta Services - Estimates\" target=\"_blank\">estimate<\/a>.<\/p>\n","protected":false},"excerpt":{"rendered":"<p>Jardines o zonas ajardinadas, tanto interior como exterior de comunidades y particulares, poda, cortac\u00e9sped, riego manual o por aspersi\u00f3n, instalaci\u00f3n de riego autom\u00e1tico, instalaci\u00f3n de c\u00e9sped artificial&#8230; Ofrecemos un sistema completo de mantenimiento de jardines realizando todos los trabajos siguientes: Mantenimiento de comunidades y particulares. Mantenimiento de jardines o zonas ajardinadas, tanto interior como exterior [&hellip;]<\/p>\n","protected":false},"author":1,"featured_media":492,"parent":0,"menu_order":0,"comment_status":"open","ping_status":"open","template":"","meta":[],"_links":{"self":[{"href":"https:\/\/www.ibizakosta.com\/en\/wp-json\/wp\/v2\/pages\/839"}],"collection":[{"href":"https:\/\/www.ibizakosta.com\/en\/wp-json\/wp\/v2\/pages"}],"about":[{"href":"https:\/\/www.ibizakosta.com\/en\/wp-json\/wp\/v2\/types\/page"}],"author":[{"embeddable":true,"href":"https:\/\/www.ibizakosta.com\/en\/wp-json\/wp\/v2\/users\/1"}],"replies":[{"embeddable":true,"href":"https:\/\/www.ibizakosta.com\/en\/wp-json\/wp\/v2\/comments?post=839"}],"version-history":[{"count":0,"href":"https:\/\/www.ibizakosta.com\/en\/wp-json\/wp\/v2\/pages\/839\/revisions"}],"wp:featuredmedia":[{"embeddable":true,"href":"https:\/\/www.ibizakosta.com\/en\/wp-json\/wp\/v2\/media\/492"}],"wp:attachment":[{"href":"https:\/\/www.ibizakosta.com\/en\/wp-json\/wp\/v2\/media?parent=839"}],"curies":[{"name":"wp","href":"https:\/\/api.w.org\/{rel}","templated":true}]}}