{"id":831,"date":"2012-04-26T17:25:35","date_gmt":"2012-04-26T17:25:35","guid":{"rendered":"https:\/\/www.ibizakosta.com\/?page_id=831"},"modified":"2012-04-28T17:39:46","modified_gmt":"2012-04-28T17:39:46","slug":"construction","status":"publish","type":"page","link":"https:\/\/www.ibizakosta.com\/en\/construction","title":{"rendered":"Building and Reparations\/Alterations"},"content":{"rendered":"<blockquote><p>Contamos con una gran experiencia en el sector de la construcci\u00f3n y reformas, realizando todos los trabajos y oficios relacionados.<\/p><\/blockquote>\n<p><img decoding=\"async\" title=\"Ibiza Kosta Services - Construcci\u00f3n y reformas\" src=\"\/media\/ikosta\/icon\/construccion_y_reformas_o.png\" alt=\"Ibiza Kosta Services - Construcci\u00f3n y reformas\" \/><\/p>\n<li>Construcci\u00f3n de viviendas y piscinas<\/li>\n<li>Reformas integrales<\/li>\n<li>Alba\u00f1iler\u00eda<\/li>\n<li>Pintura<\/li>\n<li>Fachadas<\/li>\n<li>Alicatados<\/li>\n<li>Pavimentos<\/li>\n<li>Electricidad<\/li>\n<li>Fontaner\u00eda<\/li>\n<li>Construcci\u00f3n y reparaci\u00f3n de piscinas<\/li>\n<li>Carpinter\u00eda de madera y aluminio<\/li>\n<li>Trabajos de escayola y placas de yeso laminadas\n<li>Impermeabilizaciones<\/li>\n<li>Instalaci\u00f3n de rejas<\/li>\n<div class=\"spacer-10\"><\/div>\n<p>If you are interested in any of this services, please <a href=\"https:\/\/www.ibizakosta.com\/en\/contact\" title=\"Ibiza Kosta Services - Contact\" target=\"_blank\">contact <\/a> us and we send you an <a href=\"https:\/\/www.ibizakosta.com\/en\/estimatesbudgets\" title=\"Ibiza Kosta Services - Estimates\" target=\"_blank\">estimate<\/a>.<\/p>\n","protected":false},"excerpt":{"rendered":"<p>Contamos con una gran experiencia en el sector de la construcci\u00f3n y reformas, realizando todos los trabajos y oficios relacionados. Construcci\u00f3n de viviendas y piscinas Reformas integrales Alba\u00f1iler\u00eda Pintura Fachadas Alicatados Pavimentos Electricidad Fontaner\u00eda Construcci\u00f3n y reparaci\u00f3n de piscinas Carpinter\u00eda de madera y aluminio Trabajos de escayola y placas de yeso laminadas Impermeabilizaciones Instalaci\u00f3n de [&hellip;]<\/p>\n","protected":false},"author":1,"featured_media":310,"parent":0,"menu_order":0,"comment_status":"open","ping_status":"open","template":"","meta":[],"_links":{"self":[{"href":"https:\/\/www.ibizakosta.com\/en\/wp-json\/wp\/v2\/pages\/831"}],"collection":[{"href":"https:\/\/www.ibizakosta.com\/en\/wp-json\/wp\/v2\/pages"}],"about":[{"href":"https:\/\/www.ibizakosta.com\/en\/wp-json\/wp\/v2\/types\/page"}],"author":[{"embeddable":true,"href":"https:\/\/www.ibizakosta.com\/en\/wp-json\/wp\/v2\/users\/1"}],"replies":[{"embeddable":true,"href":"https:\/\/www.ibizakosta.com\/en\/wp-json\/wp\/v2\/comments?post=831"}],"version-history":[{"count":0,"href":"https:\/\/www.ibizakosta.com\/en\/wp-json\/wp\/v2\/pages\/831\/revisions"}],"wp:featuredmedia":[{"embeddable":true,"href":"https:\/\/www.ibizakosta.com\/en\/wp-json\/wp\/v2\/media\/310"}],"wp:attachment":[{"href":"https:\/\/www.ibizakosta.com\/en\/wp-json\/wp\/v2\/media?parent=831"}],"curies":[{"name":"wp","href":"https:\/\/api.w.org\/{rel}","templated":true}]}}